{"id":98,"date":"2026-02-14T22:42:06","date_gmt":"2026-02-14T21:42:06","guid":{"rendered":"https:\/\/frani-beratung.de\/?page_id=98"},"modified":"2026-03-02T17:47:19","modified_gmt":"2026-03-02T16:47:19","slug":"impressum","status":"publish","type":"page","link":"https:\/\/frani-beratung.de\/?page_id=98","title":{"rendered":"Impressum"},"content":{"rendered":"\t\t<div data-elementor-type=\"wp-page\" data-elementor-id=\"98\" class=\"elementor elementor-98\">\n\t\t\t\t<div class=\"elementor-element elementor-element-2906fad5 e-grid e-con-full e-con e-parent\" data-id=\"2906fad5\" data-element_type=\"container\" data-e-type=\"container\">\n\t\t<div class=\"elementor-element elementor-element-454dd9f5 e-con-full e-flex e-con e-child\" data-id=\"454dd9f5\" data-element_type=\"container\" data-e-type=\"container\">\n\t\t<div class=\"elementor-element elementor-element-4a4c2b5 e-con-full e-flex e-con e-child\" data-id=\"4a4c2b5\" data-element_type=\"container\" data-e-type=\"container\" data-settings=\"{&quot;background_background&quot;:&quot;classic&quot;}\">\n\t\t<div class=\"elementor-element elementor-element-3418149e e-flex e-con-boxed e-con e-child\" data-id=\"3418149e\" data-element_type=\"container\" data-e-type=\"container\" data-settings=\"{&quot;background_background&quot;:&quot;classic&quot;}\">\n\t\t\t\t\t<div class=\"e-con-inner\">\n\t\t\t\t\t<\/div>\n\t\t\t\t<\/div>\n\t\t\t\t<\/div>\n\t\t\t\t<\/div>\n\t\t<div class=\"elementor-element elementor-element-18ae0364 e-grid e-con-full e-con e-child\" data-id=\"18ae0364\" data-element_type=\"container\" data-e-type=\"container\">\n\t\t<div class=\"elementor-element elementor-element-26b69c9f e-flex e-con-boxed e-con e-child\" data-id=\"26b69c9f\" data-element_type=\"container\" data-e-type=\"container\">\n\t\t\t\t\t<div class=\"e-con-inner\">\n\t\t\t\t<div class=\"elementor-element elementor-element-1f2302b3 elementor-widget-divider--view-line elementor-widget elementor-widget-divider\" data-id=\"1f2302b3\" data-element_type=\"widget\" data-e-type=\"widget\" data-widget_type=\"divider.default\">\n\t\t\t\t\t\t\t<div class=\"elementor-divider\">\n\t\t\t<span class=\"elementor-divider-separator\">\n\t\t\t\t\t\t<\/span>\n\t\t<\/div>\n\t\t\t\t\t\t<\/div>\n\t\t\t\t<div class=\"elementor-element elementor-element-172c3a90 elementor-widget__width-initial elementor-widget elementor-widget-heading\" data-id=\"172c3a90\" data-element_type=\"widget\" data-e-type=\"widget\" data-widget_type=\"heading.default\">\n\t\t\t\t\t<h2 class=\"elementor-heading-title elementor-size-default\">Impressum &amp; Disclaimer<\/h2>\t\t\t\t<\/div>\n\t\t\t\t\t<\/div>\n\t\t\t\t<\/div>\n\t\t\t\t<\/div>\n\t\t\t\t<\/div>\n\t\t<div class=\"elementor-element elementor-element-7371454d e-flex e-con-boxed e-con e-parent\" data-id=\"7371454d\" data-element_type=\"container\" data-e-type=\"container\" data-settings=\"{&quot;background_background&quot;:&quot;classic&quot;}\">\n\t\t\t\t\t<div class=\"e-con-inner\">\n\t\t\t\t<div class=\"elementor-element elementor-element-2c755ec8 elementor-widget elementor-widget-text-editor\" data-id=\"2c755ec8\" data-element_type=\"widget\" data-e-type=\"widget\" data-widget_type=\"text-editor.default\">\n\t\t\t\t\t\t\t\t\t<div class=\"wbk-widget wbk-widget-text wbk-inner-content\"><div class=\"wbk-widget-content wbk-widget-content-text\"><div><p>Angaben gem\u00e4\u00df \u00a7 5 TMG f\u00fcr die Domain www.frani-beratung.de<\/p><\/div><\/div><\/div><div class=\"wbk-widget wbk-widget-text wbk-inner-content\"><div class=\"wbk-widget-content wbk-widget-content-text\"><div><p><strong>Verantwortlich f\u00fcr redaktionelle Inhalte:<\/strong><\/p><\/div><\/div><\/div><div class=\"wbk-widget wbk-widget-text wbk-inner-content\"><div class=\"wbk-widget-content wbk-widget-content-text\"><div><p>Franziska Straub<\/p><\/div><\/div><\/div><div class=\"wbk-widget wbk-widget-text wbk-inner-content\"><div class=\"wbk-widget-content wbk-widget-content-text\"><div><p>syst. Erlebnisp\u00e4dagogin und Beraterin<\/p><\/div><\/div><\/div><div class=\"wbk-widget wbk-widget-text wbk-inner-content\"><div class=\"wbk-widget-content wbk-widget-content-text\"><div><p>Lilientr. 8<\/p><\/div><\/div><\/div><div class=\"wbk-widget wbk-widget-text wbk-inner-content\"><div class=\"wbk-widget-content wbk-widget-content-text\"><div><p>82178 Puchheim<\/p><\/div><\/div><\/div><div class=\"wbk-widget wbk-widget-text wbk-inner-content\"><div class=\"wbk-widget-content wbk-widget-content-text\"><div><p>Telefon: +4915150787628<br \/>E-Mail: straub.franziska@gmail.com<\/p><\/div><\/div><\/div><div class=\"wbk-widget wbk-widget-text wbk-inner-content\"><div class=\"wbk-widget-content wbk-widget-content-text\"><div><p>USt.-ID:\u00a0DE312823291<\/p><\/div><\/div><p>\u00a0<\/p><p>\u00a0<\/p><p><strong>Disclaimer \/ Haftungsausschluss:<\/strong><\/p><p><strong>Haftung f\u00fcr Inhalte<\/strong><\/p><div class=\"container\" dir=\"ltr\" lang=\"de\"><div class=\"content\"><div class=\"moz-reader-content reader-show-element\"><div id=\"readability-page-1\" class=\"page\"><div id=\"wbk-content\"><p>Die Inhalte dieses Internetauftritts wurden mit gr\u00f6\u00dftm\u00f6glicher Sorgfalt und nach bestem Gewissen erstellt. Dennoch \u00fcbernehme ich, Franziska Straub, keine Gew\u00e4hr f\u00fcr die Aktualit\u00e4t, Vollst\u00e4ndigkeit und Richtigkeit der bereitgestellten Seiten und Inhalte.\u00a0<\/p><p>Ich behalte mir das Recht vor, Teile der Seite oder das gesamte Angebot ohne vorherige Ank\u00fcndigung zu ver\u00e4ndern, zu erg\u00e4nzen, zu l\u00f6schen oder die Ver\u00f6ffentlichung einzustellen.\u00a0<\/p><p>Als Diensteanbieter bin ich, Franziska Straub, gem\u00e4\u00df \u00a7 7 Abs. 1 TMG f\u00fcr eigene Inhalte und bereitgestellte Informationen auf diesen Seiten nach den allgemeinen Gesetzen verantwortlich; nach den \u00a7\u00a7 8 bis 10 TMG jedoch nicht verpflichtet, die \u00fcbermittelten oder gespeicherten fremden Informationen zu \u00fcberwachen. Eine Entfernung oder Sperrung dieser Inhalte erfolgt umgehend ab dem Zeitpunkt der Kenntnis einer konkreten Rechtsverletzung. Eine Haftung ist erst ab dem Zeitpunkt der Kenntniserlangung m\u00f6glich.<\/p><p>Haftungsanspr\u00fcche gegen\u00fcber meiner Person, durch die Nutzung oder Nichtnutzung der dargebotenen, fehlerhaften oder unvollst\u00e4ndigen Informationen, sind grunds\u00e4tzlich ausgeschlossen, sofern kein nachweislich vors\u00e4tzliches oder grob fahrl\u00e4ssiges Verschulden vorliegt.<\/p><p><strong>Haftung f\u00fcr Links<\/strong><\/p><p>Die Webseite enth\u00e4lt u. U. sog. \u201eexterne Links\u201c (Verlinkungen) zu anderen Webseiten, auf deren Inhalt der Anbieter der Webseite keinen Einfluss hat. Aus diesem Grund kann ich, Franziska Straub, f\u00fcr diese Inhalte auch keine Gew\u00e4hr \u00fcbernehmen. F\u00fcr die Inhalte und Richtigkeit der bereitgestellten Informationen ist der jeweilige Anbieter der verlinkten Webseite verantwortlich. Rechtswidrige Inhalte waren zum Zeitpunkt der Verlinkung nicht erkennbar. Eine permanente inhaltliche Kontrolle der verlinkten Seiten ist jedoch ohne konkrete Anhaltspunkte einer Rechtsverletzung nicht zumutbar. Bei Bekanntwerden von Rechtsverletzungen werden wir derartige Links umgehend entfernen. Au\u00dferdem distanziere ich mich von allen inhaltlichen \u00c4nderungen,\u00a0<br \/>welche nach der Linkssetzung auf den Seiten Dritter betrieben werden.\u00a0<br \/>Dies gilt auch f\u00fcr Fremdeintr\u00e4ge in gegebenenfalls (ggfls.) eingerichteten G\u00e4steb\u00fcchern, Diskussionsforen und Mailinglisten auf meiner Seite.\u00a0<\/p><p><strong>EU-Streitschlichtung<\/strong><br \/>Die Europ\u00e4ische Kommission stellt eine Plattform zur Online-Streitbeilegung (OS) bereit: <a href=\"https:\/\/ec.europa.eu\/consumers\/odr\/\">https:\/\/ec.europa.eu\/consumers\/odr\/<\/a>.<br \/>Unsere E-Mail-Adresse finden Sie oben im Impressum.<\/p><div><p><strong>Verbraucherstreitbeilegung\/Universalschlichtungsstelle<\/strong><br \/>Ich bin nicht bereit oder verpflichtet, an Streitbeilegungsverfahren vor einer Verbraucherschlichtungsstelle teilzunehmen.<\/p><p><strong>Urheberrecht<\/strong><br \/>Die auf dieser Webseite ver\u00f6ffentlichten Inhalte, Werke und bereitgestellten Informationen unterliegen dem deutschen Urheberrecht und Leistungsschutzrecht. Jede Art der Vervielf\u00e4ltigung, Bearbeitung, Verbreitung, Einspeicherung und jede Art der Verwertung au\u00dferhalb der Grenzen des Urheberrechts bedarf der vorherigen schriftlichen Zustimmung des jeweiligen Rechteinhabers. Das unerlaubte Kopieren\/Speichern der bereitgestellten Informationen auf diesen Webseiten ist nicht gestattet und strafbar.<br \/>Soweit die Inhalte auf dieser Seite nicht vom Betreiber erstellt wurden, werden die Urheberrechte Dritterbeachtet. Insbesondere werden Inhalte Dritter als solche gekennzeichnet. Sollten Sie trotzdem auf eine Urheberrechtsverletzung aufmerksam werden, bitte ich um einen entsprechenden Hinweis. Bei Bekanntwerden von Rechtsverletzungen werden ich derartige Inhalte umgehend entfernen. Alle innerhalb des Internetangebots genannten und gegebenenfalls durch Dritte gesch\u00fctzten Marken- und Warenzeichen unterliegen uneingeschr\u00e4nkt den Bestimmungen des jeweils g\u00fcltigen Kennzeichenrechts und den Besitzrechten der jeweiligen eingetragenen Eigent\u00fcmer. Allein aufgrund der blo\u00dfen Nennung ist nicht der Schluss zu ziehen, dass Markenzeichen nicht durch Rechte Dritter gesch\u00fctzt sind.<\/p><\/div><p>Das Urheberecht f\u00fcr die eigenen Inhalte auf der Domain www.frani-beratung.de steht allein der Urheberin zu. Eine Vervielf\u00e4ltigung solcher Grafiken, Sounds oder Texte in anderen elektronischen oder gedruckten Publikationen ist ohne meine ausdr\u00fcckliche Zustimmung nicht gestattet.<\/p><p><strong>Personenbezogene Daten<\/strong><\/p><p>Durch den Besuch des Internetauftritts k\u00f6nnen Informationen (Datum, Uhrzeit, aufgerufene Seite) \u00fcber den Zugriff auf dem Server gespeichert werden. Es werden ohne entsprechenden Hinweis keine personenbezogenen Daten (z. B. Name, Anschrift oder E-Mail-Adresse), gespeichert. Sofern personenbezogene Daten erhoben werden, erfolgt dies, sofern m\u00f6glich, nur mit dem vorherigen Einverst\u00e4ndnis des Nutzers der Webseite. Eine Weitergabe der Daten an Dritte findet ohne ausdr\u00fcckliche Zustimmung des Nutzers nicht statt.<\/p><p>Ich weise darauf hin, dass die \u00dcbertragung von Daten im Internet (z. B. per E-Mail) Sicherheitsl\u00fccken aufweist und ein l\u00fcckenloser Schutz der Daten vor dem Zugriff Dritter nicht gew\u00e4hrleistet werden kann. Der Anbieter \u00fcbernimmt keine Haftung f\u00fcr die durch solche Sicherheitsl\u00fccken entstandenen Sch\u00e4den.<\/p><p>Der Verwendung der Kontaktdaten durch Dritte zur gewerblichen Nutzung wird ausdr\u00fccklich widersprochen. Es sei denn, der Anbieter hat zuvor seine schriftliche Einwilligung erteilt. Ich, Franziska Straub, behalte mir rechtliche Schritte f\u00fcr den Fall der unverlangten Zusendung von Werbeinformationen, z. B. durch Spam-Mails, vor.<\/p><p><strong>Rechtswirksamkeit\u00a0<\/strong><\/p><p>Dieser Haftungsausschluss gilt als Teil des Internetangebots, von welchem aus auf dieses Impressum verwiesen wurde. Selbst wenn Teile, Textpassagen oder Formulierungen dieses Textes nicht, nicht mehr oder nicht vollst\u00e4ndig der geltenden Rechtsprechung entsprechen sollte, bleibt der \u00fcbrige Teil des Dokumentes in dessen Inhalt und G\u00fcltigkeit hiervon unber\u00fchrt.\u00a0<\/p><\/div><\/div><\/div><\/div><div>\u00a0<\/div><div aria-owns=\"toolbar\">\u00a0<\/div><\/div><\/div>\t\t\t\t\t\t\t\t<\/div>\n\t\t\t\t\t<\/div>\n\t\t\t\t<\/div>\n\t\t\t\t<\/div>\n\t\t","protected":false},"excerpt":{"rendered":"<p>Impressum &amp; Disclaimer Angaben gem\u00e4\u00df \u00a7 5 TMG f\u00fcr die Domain www.frani-beratung.de Verantwortlich f\u00fcr redaktionelle Inhalte: Franziska Straub syst. Erlebnisp\u00e4dagogin und Beraterin Lilientr. 8 82178 Puchheim Telefon: +4915150787628E-Mail: straub.franziska@gmail.com USt.-ID:\u00a0DE312823291 \u00a0 \u00a0 Disclaimer \/ Haftungsausschluss: Haftung f\u00fcr Inhalte Die Inhalte dieses Internetauftritts wurden mit gr\u00f6\u00dftm\u00f6glicher Sorgfalt und nach bestem Gewissen erstellt. Dennoch \u00fcbernehme ich, Franziska [&hellip;]<\/p>\n","protected":false},"author":1,"featured_media":0,"parent":0,"menu_order":0,"comment_status":"closed","ping_status":"closed","template":"","meta":{"footnotes":""},"class_list":["post-98","page","type-page","status-publish","hentry"],"yoast_head":"<!-- This site is optimized with the Yoast SEO plugin v26.9 - https:\/\/yoast.com\/product\/yoast-seo-wordpress\/ -->\n<title>Impressum - frani-Beratung<\/title>\n<meta name=\"robots\" content=\"index, follow, max-snippet:-1, max-image-preview:large, max-video-preview:-1\" \/>\n<link rel=\"canonical\" href=\"https:\/\/frani-beratung.de\/?page_id=98\" \/>\n<meta property=\"og:locale\" content=\"de_DE\" \/>\n<meta property=\"og:type\" content=\"article\" \/>\n<meta property=\"og:title\" content=\"Impressum - frani-Beratung\" \/>\n<meta property=\"og:description\" content=\"Impressum &amp; Disclaimer Angaben gem\u00e4\u00df \u00a7 5 TMG f\u00fcr die Domain www.frani-beratung.de Verantwortlich f\u00fcr redaktionelle Inhalte: Franziska Straub syst. Erlebnisp\u00e4dagogin und Beraterin Lilientr. 8 82178 Puchheim Telefon: +4915150787628E-Mail: straub.franziska@gmail.com USt.-ID:\u00a0DE312823291 \u00a0 \u00a0 Disclaimer \/ Haftungsausschluss: Haftung f\u00fcr Inhalte Die Inhalte dieses Internetauftritts wurden mit gr\u00f6\u00dftm\u00f6glicher Sorgfalt und nach bestem Gewissen erstellt. Dennoch \u00fcbernehme ich, Franziska [&hellip;]\" \/>\n<meta property=\"og:url\" content=\"https:\/\/frani-beratung.de\/?page_id=98\" \/>\n<meta property=\"og:site_name\" content=\"frani-Beratung\" \/>\n<meta property=\"article:modified_time\" content=\"2026-03-02T16:47:19+00:00\" \/>\n<meta name=\"twitter:card\" content=\"summary_large_image\" \/>\n<meta name=\"twitter:label1\" content=\"Gesch\u00e4tzte Lesezeit\" \/>\n\t<meta name=\"twitter:data1\" content=\"5\u00a0Minuten\" \/>\n<script type=\"application\/ld+json\" class=\"yoast-schema-graph\">{\"@context\":\"https:\/\/schema.org\",\"@graph\":[{\"@type\":\"WebPage\",\"@id\":\"https:\/\/frani-beratung.de\/?page_id=98\",\"url\":\"https:\/\/frani-beratung.de\/?page_id=98\",\"name\":\"Impressum - frani-Beratung\",\"isPartOf\":{\"@id\":\"https:\/\/frani-beratung.de\/#website\"},\"datePublished\":\"2026-02-14T21:42:06+00:00\",\"dateModified\":\"2026-03-02T16:47:19+00:00\",\"breadcrumb\":{\"@id\":\"https:\/\/frani-beratung.de\/?page_id=98#breadcrumb\"},\"inLanguage\":\"de\",\"potentialAction\":[{\"@type\":\"ReadAction\",\"target\":[\"https:\/\/frani-beratung.de\/?page_id=98\"]}]},{\"@type\":\"BreadcrumbList\",\"@id\":\"https:\/\/frani-beratung.de\/?page_id=98#breadcrumb\",\"itemListElement\":[{\"@type\":\"ListItem\",\"position\":1,\"name\":\"Start\",\"item\":\"https:\/\/frani-beratung.de\/\"},{\"@type\":\"ListItem\",\"position\":2,\"name\":\"Impressum\"}]},{\"@type\":\"WebSite\",\"@id\":\"https:\/\/frani-beratung.de\/#website\",\"url\":\"https:\/\/frani-beratung.de\/\",\"name\":\"frani-Beratung\",\"description\":\"Systemische Beratung f\u00fcr Menschen in \u00fcberfordernden Helferrollen\",\"publisher\":{\"@id\":\"https:\/\/frani-beratung.de\/#organization\"},\"potentialAction\":[{\"@type\":\"SearchAction\",\"target\":{\"@type\":\"EntryPoint\",\"urlTemplate\":\"https:\/\/frani-beratung.de\/?s={search_term_string}\"},\"query-input\":{\"@type\":\"PropertyValueSpecification\",\"valueRequired\":true,\"valueName\":\"search_term_string\"}}],\"inLanguage\":\"de\"},{\"@type\":\"Organization\",\"@id\":\"https:\/\/frani-beratung.de\/#organization\",\"name\":\"frani-Beratung\",\"url\":\"https:\/\/frani-beratung.de\/\",\"logo\":{\"@type\":\"ImageObject\",\"inLanguage\":\"de\",\"@id\":\"https:\/\/frani-beratung.de\/#\/schema\/logo\/image\/\",\"url\":\"https:\/\/frani-beratung.de\/wp-content\/uploads\/2026\/02\/frani-Beratung-e1771768392811.png\",\"contentUrl\":\"https:\/\/frani-beratung.de\/wp-content\/uploads\/2026\/02\/frani-Beratung-e1771768392811.png\",\"width\":727,\"height\":205,\"caption\":\"frani-Beratung\"},\"image\":{\"@id\":\"https:\/\/frani-beratung.de\/#\/schema\/logo\/image\/\"}}]}<\/script>\n<!-- \/ Yoast SEO plugin. -->","yoast_head_json":{"title":"Impressum - frani-Beratung","robots":{"index":"index","follow":"follow","max-snippet":"max-snippet:-1","max-image-preview":"max-image-preview:large","max-video-preview":"max-video-preview:-1"},"canonical":"https:\/\/frani-beratung.de\/?page_id=98","og_locale":"de_DE","og_type":"article","og_title":"Impressum - frani-Beratung","og_description":"Impressum &amp; Disclaimer Angaben gem\u00e4\u00df \u00a7 5 TMG f\u00fcr die Domain www.frani-beratung.de Verantwortlich f\u00fcr redaktionelle Inhalte: Franziska Straub syst. Erlebnisp\u00e4dagogin und Beraterin Lilientr. 8 82178 Puchheim Telefon: +4915150787628E-Mail: straub.franziska@gmail.com USt.-ID:\u00a0DE312823291 \u00a0 \u00a0 Disclaimer \/ Haftungsausschluss: Haftung f\u00fcr Inhalte Die Inhalte dieses Internetauftritts wurden mit gr\u00f6\u00dftm\u00f6glicher Sorgfalt und nach bestem Gewissen erstellt. Dennoch \u00fcbernehme ich, Franziska [&hellip;]","og_url":"https:\/\/frani-beratung.de\/?page_id=98","og_site_name":"frani-Beratung","article_modified_time":"2026-03-02T16:47:19+00:00","twitter_card":"summary_large_image","twitter_misc":{"Gesch\u00e4tzte Lesezeit":"5\u00a0Minuten"},"schema":{"@context":"https:\/\/schema.org","@graph":[{"@type":"WebPage","@id":"https:\/\/frani-beratung.de\/?page_id=98","url":"https:\/\/frani-beratung.de\/?page_id=98","name":"Impressum - frani-Beratung","isPartOf":{"@id":"https:\/\/frani-beratung.de\/#website"},"datePublished":"2026-02-14T21:42:06+00:00","dateModified":"2026-03-02T16:47:19+00:00","breadcrumb":{"@id":"https:\/\/frani-beratung.de\/?page_id=98#breadcrumb"},"inLanguage":"de","potentialAction":[{"@type":"ReadAction","target":["https:\/\/frani-beratung.de\/?page_id=98"]}]},{"@type":"BreadcrumbList","@id":"https:\/\/frani-beratung.de\/?page_id=98#breadcrumb","itemListElement":[{"@type":"ListItem","position":1,"name":"Start","item":"https:\/\/frani-beratung.de\/"},{"@type":"ListItem","position":2,"name":"Impressum"}]},{"@type":"WebSite","@id":"https:\/\/frani-beratung.de\/#website","url":"https:\/\/frani-beratung.de\/","name":"frani-Beratung","description":"Systemische Beratung f\u00fcr Menschen in \u00fcberfordernden Helferrollen","publisher":{"@id":"https:\/\/frani-beratung.de\/#organization"},"potentialAction":[{"@type":"SearchAction","target":{"@type":"EntryPoint","urlTemplate":"https:\/\/frani-beratung.de\/?s={search_term_string}"},"query-input":{"@type":"PropertyValueSpecification","valueRequired":true,"valueName":"search_term_string"}}],"inLanguage":"de"},{"@type":"Organization","@id":"https:\/\/frani-beratung.de\/#organization","name":"frani-Beratung","url":"https:\/\/frani-beratung.de\/","logo":{"@type":"ImageObject","inLanguage":"de","@id":"https:\/\/frani-beratung.de\/#\/schema\/logo\/image\/","url":"https:\/\/frani-beratung.de\/wp-content\/uploads\/2026\/02\/frani-Beratung-e1771768392811.png","contentUrl":"https:\/\/frani-beratung.de\/wp-content\/uploads\/2026\/02\/frani-Beratung-e1771768392811.png","width":727,"height":205,"caption":"frani-Beratung"},"image":{"@id":"https:\/\/frani-beratung.de\/#\/schema\/logo\/image\/"}}]}},"_links":{"self":[{"href":"https:\/\/frani-beratung.de\/index.php?rest_route=\/wp\/v2\/pages\/98","targetHints":{"allow":["GET"]}}],"collection":[{"href":"https:\/\/frani-beratung.de\/index.php?rest_route=\/wp\/v2\/pages"}],"about":[{"href":"https:\/\/frani-beratung.de\/index.php?rest_route=\/wp\/v2\/types\/page"}],"author":[{"embeddable":true,"href":"https:\/\/frani-beratung.de\/index.php?rest_route=\/wp\/v2\/users\/1"}],"replies":[{"embeddable":true,"href":"https:\/\/frani-beratung.de\/index.php?rest_route=%2Fwp%2Fv2%2Fcomments&post=98"}],"version-history":[{"count":10,"href":"https:\/\/frani-beratung.de\/index.php?rest_route=\/wp\/v2\/pages\/98\/revisions"}],"predecessor-version":[{"id":427,"href":"https:\/\/frani-beratung.de\/index.php?rest_route=\/wp\/v2\/pages\/98\/revisions\/427"}],"wp:attachment":[{"href":"https:\/\/frani-beratung.de\/index.php?rest_route=%2Fwp%2Fv2%2Fmedia&parent=98"}],"curies":[{"name":"wp","href":"https:\/\/api.w.org\/{rel}","templated":true}]}}